{"id":14,"date":"2022-06-29T17:14:38","date_gmt":"2022-06-29T17:14:38","guid":{"rendered":"https:\/\/agency-ara-baska.hr\/?page_id=14"},"modified":"2023-05-12T22:30:15","modified_gmt":"2023-05-12T20:30:15","slug":"about-baska","status":"publish","type":"page","link":"https:\/\/agency-ara-baska.hr\/about-baska\/","title":{"rendered":"Ba\u0161ka"},"content":{"rendered":"<p>Ba\u0161ka je naselje smje\u0161teno na otoku Krku u Hrvatskoj. Ovo primorsko mjesto poznato je po svojim lijepim pla\u017eama i kristalno \u010distom moru, \u0161to ga \u010dini idealnom destinacijom za odmor na pla\u017ei. Jedna od glavnih atrakcija Ba\u0161ke je duga\u010dka \u0161ljun\u010dana pla\u017ea nazvana Vela pla\u017ea, na kojoj posjetitelji mogu u\u017eivati u suncu i kupanju. U mjestu se tako\u0111er nalaze razni restorani, barovi i trgovine za kupovinu.<br \/>\nBa\u0161ka je tako\u0111er idealno mjesto za aktivnosti na otvorenom poput plivanja, ronjenja s maskom i disalicom, planinarenja i biciklizma. Ako tra\u017eite opu\u0161taju\u0107i odmor na primorskom mjestu u Hrvatskoj, Ba\u0161ka na otoku Krku svakako je mjesto koje treba razmotriti.<\/p>\n<p>Tako\u0111er, Ba\u0161ka je poznata po svojoj bogatoj povijesti i kulturnoj ba\u0161tini. U sredi\u0161tu mjesta nalazi se crkva Sv. Lucije, koja datira jo\u0161 iz 11. stolje\u0107a, te muzej Ba\u0161ka, gdje posjetitelji mogu saznati vi\u0161e o povijesti i kulturi ovog kraja.<\/p>\n<p>Otok Krk je tako\u0111er poznat po svojim prirodnim ljepotama i atrakcijama. U blizini Ba\u0161ke nalaze se mnoge druge pla\u017ee, uvale i otoci koje vrijedi posjetiti. Uz to, otok Krk nudi i mnoge druge aktivnosti poput posjeta vinarijama, maslinicima i siranama, kao i razne sportske aktivnosti poput ronjenja, jedrenja, jedrenja na dasci i mnoge druge.<\/p>\n<p>Ukratko, Ba\u0161ka na otoku Krku jedno je od najljep\u0161ih primorskih mjesta u Hrvatskoj koje nudi mno\u0161tvo aktivnosti i atrakcija za sve posjetitelje. Ovdje mo\u017eete u\u017eivati u prekrasnoj prirodi, bogatoj kulturnoj ba\u0161tini te opu\u0161taju\u0107em odmoru na pla\u017ei. Ne propustite posjetiti ovo prekrasno mjesto na otoku Krku.<\/p>\n","protected":false},"excerpt":{"rendered":"<p>Ba\u0161ka je naselje smje\u0161teno na otoku Krku u Hrvatskoj. Ovo primorsko mjesto poznato je po svojim lijepim pla\u017eama i kristalno \u010distom moru, \u0161to ga \u010dini idealnom destinacijom za odmor na pla\u017ei. Jedna od glavnih atrakcija Ba\u0161ke je duga\u010dka \u0161ljun\u010dana pla\u017ea nazvana Vela pla\u017ea, na kojoj posjetitelji mogu u\u017eivati u suncu i kupanju. U mjestu se [&hellip;]<\/p>\n","protected":false},"author":1,"featured_media":0,"parent":0,"menu_order":0,"comment_status":"closed","ping_status":"closed","template":"","meta":[],"_links":{"self":[{"href":"https:\/\/agency-ara-baska.hr\/wp-json\/wp\/v2\/pages\/14"}],"collection":[{"href":"https:\/\/agency-ara-baska.hr\/wp-json\/wp\/v2\/pages"}],"about":[{"href":"https:\/\/agency-ara-baska.hr\/wp-json\/wp\/v2\/types\/page"}],"author":[{"embeddable":true,"href":"https:\/\/agency-ara-baska.hr\/wp-json\/wp\/v2\/users\/1"}],"replies":[{"embeddable":true,"href":"https:\/\/agency-ara-baska.hr\/wp-json\/wp\/v2\/comments?post=14"}],"version-history":[{"count":1,"href":"https:\/\/agency-ara-baska.hr\/wp-json\/wp\/v2\/pages\/14\/revisions"}],"predecessor-version":[{"id":3111,"href":"https:\/\/agency-ara-baska.hr\/wp-json\/wp\/v2\/pages\/14\/revisions\/3111"}],"wp:attachment":[{"href":"https:\/\/agency-ara-baska.hr\/wp-json\/wp\/v2\/media?parent=14"}],"curies":[{"name":"wp","href":"https:\/\/api.w.org\/{rel}","templated":true}]}}